{"id":57,"date":"2022-12-12T18:29:42","date_gmt":"2022-12-12T18:29:42","guid":{"rendered":"https:\/\/create4.net\/edelpilze\/?page_id=57"},"modified":"2025-06-09T15:27:19","modified_gmt":"2025-06-09T15:27:19","slug":"bild","status":"publish","type":"page","link":"https:\/\/www.moorstricher-edelpilze.de\/?page_id=57","title":{"rendered":"\u00dcber uns"},"content":{"rendered":"\n<p>Wir sind ein landwirtschaftlicher Familienbetrieb in Oberndorf \u2013 Moorstrich, im n\u00f6rdlichen Niedersachsen zwischen Stade und Cuxhaven.<\/p>\n\n\n\n<p>2020 haben wir uns entschieden unseren landwirtschaftlichen Betrieb neu auszurichten und zuk\u00fcnftig Edelpilze zu z\u00fcchten. Nach einigen Umbauma\u00dfnahmen, bieten wir nun Edelpilze in verschieden Variationen an.<\/p>\n\n\n\n<p><\/p>\n","protected":false},"excerpt":{"rendered":"<p>Wir sind ein landwirtschaftlicher Familienbetrieb in Oberndorf \u2013 Moorstrich, im n\u00f6rdlichen Niedersachsen zwischen Stade und Cuxhaven. 2020 haben wir uns entschieden unseren landwirtschaftlichen Betrieb neu auszurichten und zuk\u00fcnftig Edelpilze zu z\u00fcchten. Nach einigen Umbauma\u00dfnahmen, bieten wir nun Edelpilze in verschieden Variationen an.<\/p>\n","protected":false},"author":1,"featured_media":160,"parent":0,"menu_order":0,"comment_status":"closed","ping_status":"closed","template":"","meta":{"footnotes":""},"class_list":["post-57","page","type-page","status-publish","has-post-thumbnail","hentry"],"_links":{"self":[{"href":"https:\/\/www.moorstricher-edelpilze.de\/index.php?rest_route=\/wp\/v2\/pages\/57","targetHints":{"allow":["GET"]}}],"collection":[{"href":"https:\/\/www.moorstricher-edelpilze.de\/index.php?rest_route=\/wp\/v2\/pages"}],"about":[{"href":"https:\/\/www.moorstricher-edelpilze.de\/index.php?rest_route=\/wp\/v2\/types\/page"}],"author":[{"embeddable":true,"href":"https:\/\/www.moorstricher-edelpilze.de\/index.php?rest_route=\/wp\/v2\/users\/1"}],"replies":[{"embeddable":true,"href":"https:\/\/www.moorstricher-edelpilze.de\/index.php?rest_route=%2Fwp%2Fv2%2Fcomments&post=57"}],"version-history":[{"count":6,"href":"https:\/\/www.moorstricher-edelpilze.de\/index.php?rest_route=\/wp\/v2\/pages\/57\/revisions"}],"predecessor-version":[{"id":191,"href":"https:\/\/www.moorstricher-edelpilze.de\/index.php?rest_route=\/wp\/v2\/pages\/57\/revisions\/191"}],"wp:featuredmedia":[{"embeddable":true,"href":"https:\/\/www.moorstricher-edelpilze.de\/index.php?rest_route=\/wp\/v2\/media\/160"}],"wp:attachment":[{"href":"https:\/\/www.moorstricher-edelpilze.de\/index.php?rest_route=%2Fwp%2Fv2%2Fmedia&parent=57"}],"curies":[{"name":"wp","href":"https:\/\/api.w.org\/{rel}","templated":true}]}}