{"id":47,"date":"2022-12-12T17:59:35","date_gmt":"2022-12-12T17:59:35","guid":{"rendered":"https:\/\/create4.net\/edelpilze\/?page_id=47"},"modified":"2026-03-04T10:55:13","modified_gmt":"2026-03-04T10:55:13","slug":"frische-kraeuterseitlinge-direkt-vom-bauernhof","status":"publish","type":"page","link":"https:\/\/www.moorstricher-edelpilze.de\/?page_id=47","title":{"rendered":"Edelpilze frisch vom Bauernhof"},"content":{"rendered":"\n<p>Zu unseren Kunden z\u00e4hlen die Gastronomie, Wochenmarkth\u00e4ndler, Hofl\u00e4den und der Lebensmitteleinzelhandel.<\/p>\n\n\n\n<p>Um ihnen ganzj\u00e4hrig h\u00f6chste Qualit\u00e4t bei den geernteten Pilzen anzubieten, haben wir uns auf folgende Sorten spezialisiert.<\/p>\n\n\n\n<p class=\"has-medium-font-size\">Kr\u00e4uterseitling<\/p>\n\n\n\n<p>Der hellbraune Kr\u00e4uterseitling hat ein mildes Aroma, das an Steinpilze erinnert. Sowohl sein Hut als auch sein Stiel haben festes, dickes Fleisch, das auch beim Garen bissfest bleibt. [<a href=\"https:\/\/www.moorstricher-edelpilze.de\/?page_id=173\" data-type=\"page\" data-id=\"173\">mehr Informationen<\/a>]<\/p>\n\n\n\n<p class=\"has-medium-font-size\">Shiitake<\/p>\n\n\n\n<p>Sein aromatischer und wie einige ihn beschreiben leicht knoblauchartiger Geschmack machen ihn zu einem beliebten Speisepilz, der in der traditionellen chinesischen Medizin zu den wirksamsten Heilpilzen z\u00e4hlt. [<a href=\"https:\/\/www.moorstricher-edelpilze.de\/?page_id=223\" data-type=\"page\" data-id=\"223\">mehr Informationen<\/a>]<\/p>\n\n\n\n<p class=\"has-medium-font-size\">Austernseitling<\/p>\n\n\n\n<p>Der Austernseitling geh\u00f6rt zu den beliebtesten Kulturspeisepilzen. Sein Aroma ist ausgesprochen voll und kr\u00e4ftig. Im Geschmack erinnert er an Kalbfleisch. Sein Name leitet sich von seinem Wachstum ab, die Kolonien erinnern optisch an Austernb\u00e4nke. <a href=\"https:\/\/www.moorstricher-edelpilze.de\/?page_id=226\" data-type=\"page\" data-id=\"226\">[mehr Informationen]<\/a><\/p>\n","protected":false},"excerpt":{"rendered":"<p>Zu unseren Kunden z\u00e4hlen die Gastronomie, Wochenmarkth\u00e4ndler, Hofl\u00e4den und der Lebensmitteleinzelhandel. Um ihnen ganzj\u00e4hrig h\u00f6chste Qualit\u00e4t bei den geernteten Pilzen anzubieten, haben wir uns auf folgende Sorten spezialisiert. Kr\u00e4uterseitling Der hellbraune Kr\u00e4uterseitling hat ein mildes Aroma, das an Steinpilze erinnert. Sowohl sein [&hellip;]<\/p>\n","protected":false},"author":1,"featured_media":228,"parent":0,"menu_order":0,"comment_status":"closed","ping_status":"closed","template":"","meta":{"footnotes":""},"class_list":["post-47","page","type-page","status-publish","has-post-thumbnail","hentry"],"_links":{"self":[{"href":"https:\/\/www.moorstricher-edelpilze.de\/index.php?rest_route=\/wp\/v2\/pages\/47","targetHints":{"allow":["GET"]}}],"collection":[{"href":"https:\/\/www.moorstricher-edelpilze.de\/index.php?rest_route=\/wp\/v2\/pages"}],"about":[{"href":"https:\/\/www.moorstricher-edelpilze.de\/index.php?rest_route=\/wp\/v2\/types\/page"}],"author":[{"embeddable":true,"href":"https:\/\/www.moorstricher-edelpilze.de\/index.php?rest_route=\/wp\/v2\/users\/1"}],"replies":[{"embeddable":true,"href":"https:\/\/www.moorstricher-edelpilze.de\/index.php?rest_route=%2Fwp%2Fv2%2Fcomments&post=47"}],"version-history":[{"count":12,"href":"https:\/\/www.moorstricher-edelpilze.de\/index.php?rest_route=\/wp\/v2\/pages\/47\/revisions"}],"predecessor-version":[{"id":251,"href":"https:\/\/www.moorstricher-edelpilze.de\/index.php?rest_route=\/wp\/v2\/pages\/47\/revisions\/251"}],"wp:featuredmedia":[{"embeddable":true,"href":"https:\/\/www.moorstricher-edelpilze.de\/index.php?rest_route=\/wp\/v2\/media\/228"}],"wp:attachment":[{"href":"https:\/\/www.moorstricher-edelpilze.de\/index.php?rest_route=%2Fwp%2Fv2%2Fmedia&parent=47"}],"curies":[{"name":"wp","href":"https:\/\/api.w.org\/{rel}","templated":true}]}}