{"id":178,"date":"2025-06-04T10:07:37","date_gmt":"2025-06-04T10:07:37","guid":{"rendered":"https:\/\/create4.net\/edelpilze\/?page_id=178"},"modified":"2026-01-19T10:15:27","modified_gmt":"2026-01-19T10:15:27","slug":"178-2","status":"publish","type":"page","link":"https:\/\/www.moorstricher-edelpilze.de\/?page_id=178","title":{"rendered":"Anspruch an Qualit\u00e4t"},"content":{"rendered":"\n<p>Unsere ausgew\u00e4hlten Speisepilzsorten produzieren wir mit Leidenschaft f\u00fcr unser Sortiment sowie h\u00f6chsten Anspr\u00fcchen an Kundenservice und Umweltvertr\u00e4glichkeit. Hier geben wir Ihnen einen \u00dcberblick \u00fcber unser <a href=\"https:\/\/www.moorstricher-edelpilze.de\/?page_id=47\" data-type=\"page\" data-id=\"47\">Angebot<\/a> an frischen Pilzen sowie deren Eigenschaften und Verwendung der verschiedenen Sorten.<\/p>\n","protected":false},"excerpt":{"rendered":"<p>Unsere ausgew\u00e4hlten Speisepilzsorten produzieren wir mit Leidenschaft f\u00fcr unser Sortiment sowie h\u00f6chsten Anspr\u00fcchen an Kundenservice und Umweltvertr\u00e4glichkeit. Hier geben wir Ihnen einen \u00dcberblick \u00fcber unser Angebot an frischen Pilzen sowie deren Eigenschaften und Verwendung der verschiedenen Sorten.<\/p>\n","protected":false},"author":1,"featured_media":230,"parent":0,"menu_order":0,"comment_status":"closed","ping_status":"closed","template":"","meta":{"footnotes":""},"class_list":["post-178","page","type-page","status-publish","has-post-thumbnail","hentry"],"_links":{"self":[{"href":"https:\/\/www.moorstricher-edelpilze.de\/index.php?rest_route=\/wp\/v2\/pages\/178","targetHints":{"allow":["GET"]}}],"collection":[{"href":"https:\/\/www.moorstricher-edelpilze.de\/index.php?rest_route=\/wp\/v2\/pages"}],"about":[{"href":"https:\/\/www.moorstricher-edelpilze.de\/index.php?rest_route=\/wp\/v2\/types\/page"}],"author":[{"embeddable":true,"href":"https:\/\/www.moorstricher-edelpilze.de\/index.php?rest_route=\/wp\/v2\/users\/1"}],"replies":[{"embeddable":true,"href":"https:\/\/www.moorstricher-edelpilze.de\/index.php?rest_route=%2Fwp%2Fv2%2Fcomments&post=178"}],"version-history":[{"count":3,"href":"https:\/\/www.moorstricher-edelpilze.de\/index.php?rest_route=\/wp\/v2\/pages\/178\/revisions"}],"predecessor-version":[{"id":181,"href":"https:\/\/www.moorstricher-edelpilze.de\/index.php?rest_route=\/wp\/v2\/pages\/178\/revisions\/181"}],"wp:featuredmedia":[{"embeddable":true,"href":"https:\/\/www.moorstricher-edelpilze.de\/index.php?rest_route=\/wp\/v2\/media\/230"}],"wp:attachment":[{"href":"https:\/\/www.moorstricher-edelpilze.de\/index.php?rest_route=%2Fwp%2Fv2%2Fmedia&parent=178"}],"curies":[{"name":"wp","href":"https:\/\/api.w.org\/{rel}","templated":true}]}}