{"id":173,"date":"2025-06-04T09:53:05","date_gmt":"2025-06-04T09:53:05","guid":{"rendered":"https:\/\/create4.net\/edelpilze\/?page_id=173"},"modified":"2026-03-04T14:38:29","modified_gmt":"2026-03-04T14:38:29","slug":"kraeuterseitling","status":"publish","type":"page","link":"https:\/\/www.moorstricher-edelpilze.de\/?page_id=173","title":{"rendered":"Kr\u00e4uterseitling"},"content":{"rendered":"\n<p>Kr\u00e4uterseitlinge sind wertvoller Bestandteil einer ern\u00e4hrungsbewussten Ern\u00e4hrung. Sie enthalten weder Fett noch Cholesterin, daf\u00fcr aber viel Eiwei\u00df sowie Vitamine, Spurenelemente und Mineralstoffe. Er soll eine entz\u00fcndungshemmende Wirkung haben und das Immunsystem st\u00e4rken. Seine urspr\u00fcngliche Heimat liegt s\u00fcdlich der Alpen.<\/p>\n\n\n\n<p>Wir bieten unsere Kr\u00e4uterseitlinge in unterschiedlichen Gr\u00f6\u00dfen und Verpackungen bei folgenden Einkaufsm\u00e4rkten an:<\/p>\n\n\n\n<p>EDEKA Kliebisch, 21745 Hemmoor<br>bei Obst und Gem\u00fcse in der geschlossenen K\u00fchlwand<\/p>\n\n\n\n<p>EDEKA Cohrt, 21781 Cadenberg<br>bei Obst und Gem\u00fcse in der geschlossenen K\u00fchlwand  <\/p>\n\n\n\n<p>EDEKA Eggert, 21729 Freiburg<\/p>\n\n\n\n<p>EDEKA Keil, 21762 Otterndorf<\/p>\n\n\n\n<p>EDEKA Eggert, 27449 Kutenholz<\/p>\n\n\n\n<p><\/p>\n","protected":false},"excerpt":{"rendered":"<p>Kr\u00e4uterseitlinge sind wertvoller Bestandteil einer ern\u00e4hrungsbewussten Ern\u00e4hrung. Sie enthalten weder Fett noch Cholesterin, daf\u00fcr aber viel Eiwei\u00df sowie Vitamine, Spurenelemente und Mineralstoffe. Er soll eine entz\u00fcndungshemmende Wirkung haben und das Immunsystem st\u00e4rken. Seine urspr\u00fcngliche Heimat liegt s\u00fcdlich der Alpen. Wir bieten unsere [&hellip;]<\/p>\n","protected":false},"author":1,"featured_media":0,"parent":0,"menu_order":0,"comment_status":"closed","ping_status":"closed","template":"","meta":{"footnotes":""},"class_list":["post-173","page","type-page","status-publish","hentry"],"_links":{"self":[{"href":"https:\/\/www.moorstricher-edelpilze.de\/index.php?rest_route=\/wp\/v2\/pages\/173","targetHints":{"allow":["GET"]}}],"collection":[{"href":"https:\/\/www.moorstricher-edelpilze.de\/index.php?rest_route=\/wp\/v2\/pages"}],"about":[{"href":"https:\/\/www.moorstricher-edelpilze.de\/index.php?rest_route=\/wp\/v2\/types\/page"}],"author":[{"embeddable":true,"href":"https:\/\/www.moorstricher-edelpilze.de\/index.php?rest_route=\/wp\/v2\/users\/1"}],"replies":[{"embeddable":true,"href":"https:\/\/www.moorstricher-edelpilze.de\/index.php?rest_route=%2Fwp%2Fv2%2Fcomments&post=173"}],"version-history":[{"count":7,"href":"https:\/\/www.moorstricher-edelpilze.de\/index.php?rest_route=\/wp\/v2\/pages\/173\/revisions"}],"predecessor-version":[{"id":264,"href":"https:\/\/www.moorstricher-edelpilze.de\/index.php?rest_route=\/wp\/v2\/pages\/173\/revisions\/264"}],"wp:attachment":[{"href":"https:\/\/www.moorstricher-edelpilze.de\/index.php?rest_route=%2Fwp%2Fv2%2Fmedia&parent=173"}],"curies":[{"name":"wp","href":"https:\/\/api.w.org\/{rel}","templated":true}]}}